{"id":48,"date":"2025-06-14T18:44:45","date_gmt":"2025-06-14T16:44:45","guid":{"rendered":"https:\/\/lafermedelorge.ccbinformatique.fr\/?page_id=48"},"modified":"2025-11-25T16:09:16","modified_gmt":"2025-11-25T15:09:16","slug":"contrats_producteurs","status":"publish","type":"page","link":"https:\/\/lafermedelorge.ccbinformatique.fr\/index.php\/contrats_producteurs\/","title":{"rendered":"Contrats et producteurs"},"content":{"rendered":"\n<div class=\"wp-block-columns is-layout-flex wp-container-core-columns-is-layout-28f84493 wp-block-columns-is-layout-flex\">\n<div class=\"wp-block-column is-vertically-aligned-center has-secondary-color has-text-color has-link-color wp-elements-54112d5c3bc7c719270b387882a31958 is-layout-flow wp-block-column-is-layout-flow\" style=\"flex-basis:100%\" id=\"CONTRATS\">\n<h2 class=\"wp-block-heading has-x-large-font-size\" id=\"contrats\">Les contrats<\/h2>\n\n\n\n<p>Les commandes, accompagn\u00e9es des ch\u00e8ques, devront \u00eatre remises au cours des distributions ou envoy\u00e9es par courrier \u00e0 l\u2019adresse de l\u2019AMAP :<\/p>\n\n\n\n<p class=\"has-text-align-center has-secondary-color has-text-color has-link-color wp-elements-e1dbf8130583e03fa87865af19fedc43\"><strong>AMAP La Ferme de l\u2019Orge<br>Service Vie Associative<br>22 rue Dani\u00e8le Casanova<br>91170 VIRY-CH\u00c2TILLON<\/strong><\/p>\n\n\n\n<p class=\"has-secondary-color has-text-color has-link-color has-medium-font-size wp-elements-4da5206db060b6e1c60cf3949939acbc\"><em>Liste des documents accessibles :<\/em><\/p>\n\n\n\n<ul class=\"wp-block-list has-secondary-color has-text-color has-link-color wp-elements-5fc749afed5b1d5c9ab1be7459cf07c3\">\n<li><a href=\"https:\/\/www.lafermedelorge.fr\/telechargement\/contrat%20legumes%20petit%20panier%202025_2026.pdf\" target=\"_blank\" rel=\"noreferrer noopener\"><strong><em>Contrat legumes petit panier 2025_2026<\/em><\/strong><\/a><\/li>\n\n\n\n<li><a href=\"https:\/\/www.lafermedelorge.fr\/telechargement\/contrat%20legumes%20grand%20panier%202025_2026.pdf\" target=\"_blank\" rel=\"noreferrer noopener\"><strong><em>Contrat legumes grand panier 2025_2026<\/em><\/strong><\/a><\/li>\n\n\n\n<li><a href=\"https:\/\/www.lafermedelorge.fr\/telechargement\/Bulletin%20Adhesion%202025_2026.pdf\" target=\"_blank\" rel=\"noreferrer noopener\"><strong><em>Bulletin Adhesion 2025_2026<\/em><\/strong><\/a><\/li>\n<\/ul>\n<\/div>\n<\/div>\n\n\n\n<hr class=\"wp-block-separator has-text-color has-secondary-color has-alpha-channel-opacity has-secondary-background-color has-background\"\/>\n\n\n\n<div class=\"wp-block-columns is-layout-flex wp-container-core-columns-is-layout-28f84493 wp-block-columns-is-layout-flex\">\n<div class=\"wp-block-column has-secondary-color has-text-color has-link-color wp-elements-93ce3bcf1eb9800f44ff97b13ded79c0 is-layout-flow wp-block-column-is-layout-flow\" style=\"flex-basis:100%\" id=\"PRODUCTEURS\">\n<h2 class=\"wp-block-heading has-x-large-font-size\">Les producteurs<\/h2>\n\n\n\n<div class=\"wp-block-media-text alignwide is-stacked-on-mobile\" style=\"grid-template-columns:25% auto\"><figure class=\"wp-block-media-text__media\"><img loading=\"lazy\" decoding=\"async\" width=\"221\" height=\"166\" src=\"https:\/\/lafermedelorge.ccbinformatique.fr\/wp-content\/uploads\/2025\/06\/producteur.jpg\" alt=\"\" class=\"wp-image-49 size-full\"\/><\/figure><div class=\"wp-block-media-text__content\">\n<p class=\"has-medium-font-size\"><strong>Mara\u00eecher : J\u00e9r\u00f4me BONAMENT<\/strong><br><em>Grande Rue Marcilly, 45340 BEAUNE LA ROLANDE<\/em><\/p>\n\n\n\n<p class=\"has-medium-font-size\">Descriptions<\/p>\n\n\n\n<ul class=\"wp-block-list\">\n<li>Les contrats<\/li>\n<\/ul>\n<\/div><\/div>\n\n\n\n<div class=\"wp-block-media-text alignwide is-stacked-on-mobile\" style=\"grid-template-columns:25% auto\"><figure class=\"wp-block-media-text__media\"><img loading=\"lazy\" decoding=\"async\" width=\"250\" height=\"175\" src=\"https:\/\/lafermedelorge.ccbinformatique.fr\/wp-content\/uploads\/2025\/06\/fromages-chevre.jpg\" alt=\"\" class=\"wp-image-52 size-full\"\/><\/figure><div class=\"wp-block-media-text__content\">\n<p><strong>Productrice fromages de ch\u00e8vre : Alexandra DUPONT<\/strong><br><em>La Ferme des CROQ&rsquo;EPINES, N\u00b04 La Treurie, 37460 NOUANS LES FONTAINES<\/em><\/p>\n\n\n\n<p>Descriptions<\/p>\n\n\n\n<ul class=\"wp-block-list\">\n<li>Les contrats<\/li>\n<\/ul>\n<\/div><\/div>\n\n\n\n<div class=\"wp-block-media-text alignwide is-stacked-on-mobile\" style=\"grid-template-columns:25% auto\"><figure class=\"wp-block-media-text__media\"><img loading=\"lazy\" decoding=\"async\" width=\"105\" height=\"120\" src=\"https:\/\/lafermedelorge.ccbinformatique.fr\/wp-content\/uploads\/2025\/06\/vigne.jpg\" alt=\"\" class=\"wp-image-54 size-full\"\/><\/figure><div class=\"wp-block-media-text__content\">\n<p><strong>Vin BIO de GAILLAC : Ch\u00e2teau LES VIGNALS<\/strong><\/p>\n\n\n\n<p><em>Ch\u00e2teau LES VIGNALS, Vin Bio de GAILLAC, 81150 CESTAYROLS<\/em><\/p>\n\n\n\n<p>Description<\/p>\n\n\n\n<ul class=\"wp-block-list\">\n<li>Les Contrats<\/li>\n<\/ul>\n<\/div><\/div>\n\n\n\n<div class=\"wp-block-media-text is-stacked-on-mobile\" style=\"grid-template-columns:25% auto\"><figure class=\"wp-block-media-text__media\"><img loading=\"lazy\" decoding=\"async\" width=\"105\" height=\"120\" src=\"https:\/\/lafermedelorge.ccbinformatique.fr\/wp-content\/uploads\/2025\/06\/vache.jpg\" alt=\"\" class=\"wp-image-50 size-full\"\/><\/figure><div class=\"wp-block-media-text__content\">\n<p><strong>\u00c9leveurs de charolais : Laurence et Laurent BOURGEON<\/strong><br><em>La Varenne, 71600 SAINT L\u00c9GER LES PARAY<\/em><\/p>\n<\/div><\/div>\n\n\n\n<div class=\"wp-block-media-text is-stacked-on-mobile\" style=\"grid-template-columns:25% auto\"><figure class=\"wp-block-media-text__media\"><img loading=\"lazy\" decoding=\"async\" width=\"105\" height=\"120\" src=\"https:\/\/lafermedelorge.ccbinformatique.fr\/wp-content\/uploads\/2025\/06\/porc.jpg\" alt=\"\" class=\"wp-image-51 size-full\"\/><\/figure><div class=\"wp-block-media-text__content\">\n<p><strong>\u00c9leveurs de porcs : Jean-Paul et Ludovic MALATIER<br><\/strong><em>\u00ab\u00a0AUX BLANCS\u00a0\u00bb, 71800 Colombier-en-Brionnais<br><\/em><\/p>\n<\/div><\/div>\n\n\n\n<div class=\"wp-block-media-text is-stacked-on-mobile\" style=\"grid-template-columns:25% auto\"><figure class=\"wp-block-media-text__media\"><img loading=\"lazy\" decoding=\"async\" width=\"419\" height=\"315\" src=\"https:\/\/lafermedelorge.ccbinformatique.fr\/wp-content\/uploads\/2025\/06\/fruit.jpg\" alt=\"\" class=\"wp-image-53 size-full\" srcset=\"https:\/\/lafermedelorge.ccbinformatique.fr\/wp-content\/uploads\/2025\/06\/fruit.jpg 419w, https:\/\/lafermedelorge.ccbinformatique.fr\/wp-content\/uploads\/2025\/06\/fruit-300x226.jpg 300w\" sizes=\"auto, (max-width: 419px) 100vw, 419px\" \/><\/figure><div class=\"wp-block-media-text__content\">\n<p><strong>Producteurs de fruits : Maison Gaillard<br><\/strong><em>110, route Royale, 78580 les Alluets-le-Roi<br><\/em><\/p>\n<\/div><\/div>\n<\/div>\n<\/div>\n","protected":false},"excerpt":{"rendered":"<p>Les contrats Les commandes, accompagn\u00e9es des ch\u00e8ques, devront \u00eatre remises au cours des distributions ou envoy\u00e9es par courrier \u00e0 l\u2019adresse de l\u2019AMAP : AMAP La Ferme de l\u2019OrgeService Vie Associative22 rue Dani\u00e8le Casanova91170 VIRY-CH\u00c2TILLON Liste des documents accessibles : Les producteurs Mara\u00eecher : J\u00e9r\u00f4me BONAMENTGrande Rue Marcilly, 45340 BEAUNE LA ROLANDE Descriptions Productrice fromages de [&hellip;]<\/p>\n","protected":false},"author":1,"featured_media":0,"parent":0,"menu_order":1,"comment_status":"closed","ping_status":"closed","template":"","meta":{"footnotes":""},"class_list":["post-48","page","type-page","status-publish","hentry"],"_links":{"self":[{"href":"https:\/\/lafermedelorge.ccbinformatique.fr\/index.php\/wp-json\/wp\/v2\/pages\/48","targetHints":{"allow":["GET"]}}],"collection":[{"href":"https:\/\/lafermedelorge.ccbinformatique.fr\/index.php\/wp-json\/wp\/v2\/pages"}],"about":[{"href":"https:\/\/lafermedelorge.ccbinformatique.fr\/index.php\/wp-json\/wp\/v2\/types\/page"}],"author":[{"embeddable":true,"href":"https:\/\/lafermedelorge.ccbinformatique.fr\/index.php\/wp-json\/wp\/v2\/users\/1"}],"replies":[{"embeddable":true,"href":"https:\/\/lafermedelorge.ccbinformatique.fr\/index.php\/wp-json\/wp\/v2\/comments?post=48"}],"version-history":[{"count":24,"href":"https:\/\/lafermedelorge.ccbinformatique.fr\/index.php\/wp-json\/wp\/v2\/pages\/48\/revisions"}],"predecessor-version":[{"id":392,"href":"https:\/\/lafermedelorge.ccbinformatique.fr\/index.php\/wp-json\/wp\/v2\/pages\/48\/revisions\/392"}],"wp:attachment":[{"href":"https:\/\/lafermedelorge.ccbinformatique.fr\/index.php\/wp-json\/wp\/v2\/media?parent=48"}],"curies":[{"name":"wp","href":"https:\/\/api.w.org\/{rel}","templated":true}]}}