{"id":3,"date":"2025-06-14T16:58:29","date_gmt":"2025-06-14T14:58:29","guid":{"rendered":"https:\/\/lafermedelorge.ccbinformatique.fr\/?page_id=3"},"modified":"2025-11-25T15:16:44","modified_gmt":"2025-11-25T14:16:44","slug":"informations-legales","status":"publish","type":"page","link":"https:\/\/lafermedelorge.ccbinformatique.fr\/index.php\/informations-legales\/","title":{"rendered":"Informations L\u00e9gales"},"content":{"rendered":"\n<div class=\"wp-block-columns is-layout-flex wp-container-core-columns-is-layout-28f84493 wp-block-columns-is-layout-flex\">\n<div class=\"wp-block-column has-secondary-color has-text-color has-link-color wp-elements-c3f9dea1a4cfe5baee013d4b9c4b2570 is-layout-flow wp-block-column-is-layout-flow\">\n<h5 class=\"wp-block-heading has-large-font-size\">H\u00c9BERGEMENT<\/h5>\n\n\n\n<p><strong>Les donn\u00e9es informatiques sont h\u00e9berg\u00e9es par LWS :<\/strong><br><strong><em>LWS (Ligne Web Services) &#8211; S.A.R.L au capital de 10000 Euros<br>4, rue Galvani &#8211; 75838 Paris CEDEX 17 &#8211; FRANCE<\/em><\/strong><br><br><strong>Conception et r\u00e9alisation :<\/strong>\u00a0webdesign et d\u00e9veloppement Alain Cantenot &#8211;\u00a0<a href=\"http:\/\/alain.cantenot.free.fr\/\" target=\"_blank\" rel=\"noreferrer noopener\">http:\/\/alain.cantenot.free.fr<\/a>\u00a0&#8211; alain.cantenot@gmail.com<\/p>\n\n\n\n<h5 class=\"wp-block-heading has-large-font-size\">ARTICLE 1 &#8211; OBJET<\/h5>\n\n\n\n<p>La pr\u00e9sente notice a pour objet de d\u00e9finir les modalit\u00e9s selon lesquelles \u00ab\u00a0La Ferme de l&rsquo;Orge\u00a0\u00bb met \u00e0 la disposition des internautes le site Internet www.lafermedelorge.fr (le \u00ab\u00a0Site\u00a0\u00bb) et les conditions selon lesquelles les internautes acc\u00e8dent et utilisent ce Site. Toute connexion au Site est subordonn\u00e9e \u00e0 l&rsquo;acceptation sans r\u00e9serve et au respect de la pr\u00e9sente notice l\u00e9gale que \u00ab\u00a0La Ferme de l&rsquo;Orge\u00a0\u00bb se r\u00e9serve de modifier ou de mettre \u00e0 jour \u00e0 tout moment.<\/p>\n\n\n\n<h5 class=\"wp-block-heading has-large-font-size\">ARTICLE 2 &#8211; ACCES AU SITE<\/h5>\n\n\n\n<p>L&rsquo;acc\u00e8s au Site est en principe possible 24 heures sur 24, 7 jours sur 7, sauf tous cas de force majeure et sous r\u00e9serve des interventions de maintenance n\u00e9cessaires au bon fonctionnement du Site et des mat\u00e9riels sous-jacents ou encore des \u00e9ventuelles pannes. L&rsquo;acc\u00e8s au Site se fait \u00e0 partir du mat\u00e9riel informatique de l&rsquo;internaute connect\u00e9 \u00e0 un r\u00e9seau de t\u00e9l\u00e9communication permettant l&rsquo;acc\u00e8s \u00e0 Internet. Les protocoles de communication utilis\u00e9s sont ceux en usage sur Internet. Les droits d&rsquo;acc\u00e8s et d&rsquo;utilisation du Site sont des droits non exclusifs et non transmissibles.<br>L&rsquo;internaute est exclusivement responsable de la pertinence du mat\u00e9riel qu&rsquo;il utilise et des conditions de son acc\u00e8s aux fins de b\u00e9n\u00e9ficier de fa\u00e7on optimale des services offerts par le Site. A cet \u00e9gard, il est express\u00e9ment rappel\u00e9 que tout acc\u00e8s Internet depuis un terminal public requiert des manipulations et v\u00e9rifications particuli\u00e8res de la part de l&rsquo;internaute aux fins de s&rsquo;assurer de la confidentialit\u00e9 de sa consultation et de l&rsquo;absence d&rsquo;enregistrements automatiques susceptibles de r\u00e9v\u00e9ler \u00e0 des tiers des donn\u00e9es confidentielles. \u00ab\u00a0La Ferme de l&rsquo;Orge\u00a0\u00bb d\u00e9cline toute responsabilit\u00e9 quant aux conditions dans lesquelles l&rsquo;internaute se sera connect\u00e9 au Site.<br>Les l\u00e9gislations imp\u00e9ratives de certains Etats ou r\u00e9gions autonomes peuvent avoir pour effet de limiter, r\u00e9glementer voire interdire l&rsquo;acc\u00e8s au Site. L&rsquo;internaute devra donc s&rsquo;assurer, avant toute connexion au Site, qu&rsquo;une telle connexion ne contreviendra pas \u00e0 la r\u00e9glementation applicable \u00e0 la zone g\u00e9ographique d&rsquo;o\u00f9 il se connectera. \u00ab\u00a0La Ferme de l&rsquo;Orge\u00a0\u00bb n&rsquo;encourra aucune responsabilit\u00e9 \u00e0 cet \u00e9gard.<\/p>\n\n\n\n<h5 class=\"wp-block-heading has-large-font-size\">ARTICLE 3 &#8211; DROITS DE PROPRIETE INTELLECTUELLE<\/h5>\n\n\n\n<p>Le contenu int\u00e9gral du Site, y compris toutes donn\u00e9es, informations, images, illustrations, logos, marques, chartes graphiques, arborescences, etc., est prot\u00e9g\u00e9 au titre de tous droits de propri\u00e9t\u00e9 intellectuelle pertinents (en particulier le droit d&rsquo;auteur, le droit des dessins et mod\u00e8les et le droit des marques). Toute copie, reproduction, repr\u00e9sentation, adaptation, diffusion, int\u00e9grale ou partielle, d&rsquo;un \u00e9l\u00e9ment du Site, par quelque proc\u00e9d\u00e9 que ce soit, est strictement interdite sauf autorisation \u00e9crite pr\u00e9alable de \u00ab\u00a0La Ferme de l&rsquo;Orge\u00a0\u00bb.<br>Toute violation de l&rsquo;interdiction susvis\u00e9e constituera le d\u00e9lit de contrefa\u00e7on (pr\u00e9vu par l&rsquo;article L. 335-2 du Code de la propri\u00e9t\u00e9 intellectuelle) sans pr\u00e9judice de toute responsabilit\u00e9 (civile ou p\u00e9nale) de son auteur pour acte de concurrence d\u00e9loyale et parasitisme.<br>Les \u00e9l\u00e9ments pr\u00e9sent\u00e9s dans le Site sont susceptibles de modifications sans pr\u00e9avis et sont mis \u00e0 disposition sans aucune garantie d&rsquo;aucune sorte, ni expresse ni tacite ; ils ne peuvent en tant que tels donner lieu \u00e0 un quelconque droit \u00e0 d\u00e9dommagement.<\/p>\n\n\n\n<h5 class=\"wp-block-heading has-large-font-size\">ARTICLE 4 &#8211; LIENS HYPERTEXTES<\/h5>\n\n\n\n<p>En toute hypoth\u00e8se, sont strictement interdits tous liens en provenance de sites contraires aux bonnes moeurs, \u00e0 caract\u00e8re violent, pornographique ou p\u00e9dophile, pouvant porter atteinte \u00e0 la dignit\u00e9 de la personne humaine ou destin\u00e9s \u00e0 exhiber ou vendre des objets, substances et\/ou ouvrages interdits ou illicites.<br><br><em>4.1 Liens hypertextes en direction du Site<\/em><br>Il est rappel\u00e9 qu&rsquo;en aucun cas l&rsquo;existence d&rsquo;un lien hypertexte en provenance d&rsquo;un site tiers vers le Site n&rsquo;induira en lui-m\u00eame l&rsquo;existence d&rsquo;une coop\u00e9ration entre \u00ab\u00a0La Ferme de l&rsquo;Orge\u00a0\u00bb et ce site tiers. \u00ab\u00a0La Ferme de l&rsquo;Orge\u00a0\u00bb n&rsquo;est pas en mesure d&rsquo;exercer de contr\u00f4le sur le contenu des sites tiers et n&rsquo;assume par cons\u00e9quent aucune responsabilit\u00e9 quant aux contenus, produits, services, informations, mat\u00e9riaux, logiciels des sites susceptibles de comporter un lien hypertexte vers le Site.<br><br><em>4.2 Liens hypertextes en direction de sites tiers<\/em><br>Le Site peut contenir des liens vers des sites de partenaires de \u00ab\u00a0La Ferme de l&rsquo;Orge\u00a0\u00bb ou vers des sites tiers.<br>\u00ab\u00a0La Ferme de l&rsquo;Orge\u00a0\u00bb n&rsquo;exerce aucun contr\u00f4le sur ces sites et n&rsquo;assume par cons\u00e9quent aucune responsabilit\u00e9 quant \u00e0 la disponibilit\u00e9 de ces sites, leur contenu, publicit\u00e9 et sur les produits et\/ou services disponibles sur ou \u00e0 partir de ces sites. \u00ab\u00a0La Ferme de l&rsquo;Orge\u00a0\u00bb ne sera aucunement responsable des dommages directs ou indirects pouvant survenir \u00e0 l&rsquo;occasion de l&rsquo;acc\u00e8s de l&rsquo;internaute sur le site du partenaire et\/ou tiers et de l&rsquo;utilisation des contenus et services de ce site par l&rsquo;internaute.<\/p>\n\n\n\n<h5 class=\"wp-block-heading has-large-font-size\">ARTICLE 5 &#8211; LIMITATION DE RESPONSABILITE<\/h5>\n\n\n\n<p>Les donn\u00e9es et informations diffus\u00e9es sur le Site sont fournies sans aucune garantie expresse ou tacite de quelque sorte que ce soit ; en cons\u00e9quence, l&rsquo;Editeur n&rsquo;encourra aucune responsabilit\u00e9 civile du fait des informations diffus\u00e9es sur son Site. En cons\u00e9quence, le Site pourra \u00eatre modifi\u00e9 \u00e0 tout moment et sans pr\u00e9avis.<br>\u00ab\u00a0La Ferme de l&rsquo;Orge\u00a0\u00bb n&rsquo;encourra aucune responsabilit\u00e9 d&rsquo;aucune sorte (ni directe, ni indirecte, ni principale, ni incidente) pour tout pr\u00e9judice subi par un internaute du fait de la perte totale ou partielle ou encore du fait de l&rsquo;endommagement de tous programmes, donn\u00e9es ou mat\u00e9riels \u00e0 l&rsquo;occasion de l&rsquo;acc\u00e8s ou de l&rsquo;utilisation du Site (ou d&rsquo;un autre site r\u00e9f\u00e9renc\u00e9 sur le Site). Il appartient en effet exclusivement \u00e0 l&rsquo;internaute de prendre toutes mesures appropri\u00e9es aux fins de prot\u00e9ger ses propres mat\u00e9riels, programmes et donn\u00e9es de la contamination par toutes formes de virus circulant sur l&rsquo;Internet.<\/p>\n\n\n\n<h5 class=\"wp-block-heading has-large-font-size\">ARTICLE 6 &#8211; INFORMATIQUE ET LIBERTES<\/h5>\n\n\n\n<p>Conform\u00e9ment \u00e0 la loi n\u00b078-17 du 6 janvier 1978 (dite loi informatique et libert\u00e9s), le Site fait l&rsquo;objet d&rsquo;une d\u00e9claration aupr\u00e8s de la Commission Nationale de l&rsquo;Informatique et des Libert\u00e9s sous la r\u00e9f\u00e9rence.<br>Tout utilisateur dispose d&rsquo;un droit d&rsquo;acc\u00e8s aux donn\u00e9es le concernant aupr\u00e8s de l&rsquo;Editeur (\u00e0 l&rsquo;adresse figurant en t\u00eate des pr\u00e9sentes) en vue le cas \u00e9ch\u00e9ant de faire valoir toute demande de rectification, d&rsquo;opposition ou de suppression.<br><em>Utilisation de vos donn\u00e9es personnelles<\/em><br>Les personnes qui soumettent leurs sites internet pour une inclusion dans l&rsquo;annuaire ou dans les pages partenaires acceptent de recevoir occasionnelement par voie d&#8217;email des informations concernant les mises \u00e0 jour du Site.<br>Les emails issus des demandes du formulaire contact ne sont utilis\u00e9s que dans le but de r\u00e9pondre aux questions pos\u00e9es. Ils ne sont pas conserv\u00e9s.<br><br><strong><em>Pour m\u00e9moire :<\/em><br><\/strong>\u00ab\u00a0Article 335-2 du Code de la Propri\u00e9t\u00e9 Intellectuelle<br>Toute \u00e9dition d&rsquo;\u00e9crits, de composition musicale, de dessin, de peinture ou de toute autre production, imprim\u00e9e ou grav\u00e9e en entier ou en partie, au m\u00e9pris des lois et r\u00e8glements relatifs \u00e0 la propri\u00e9t\u00e9 des auteurs, est une contrefa\u00e7on et toute contrefa\u00e7on est un d\u00e9lit. La contrefa\u00e7on en France d&rsquo;ouvrages publi\u00e9s en France ou \u00e0 l&rsquo;\u00e9tranger est punie de trois ans d&#8217;emprisonnement et de 300 000 euros d&rsquo;amende. Seront punis des m\u00eames peines le d\u00e9bit, l&rsquo;exportation et l&rsquo;importation des ouvrages contrefaisants. Lorsque les d\u00e9lits pr\u00e9vus par le pr\u00e9sent article ont \u00e9t\u00e9 commis en bande organis\u00e9e, les peines sont port\u00e9es \u00e0 cinq ans d&#8217;emprisonnement et \u00e0 500 000 euros d&rsquo;amende.\u00a0\u00bb<br><br><strong><em>Modification des conditions<\/em><br><\/strong>\u00ab\u00a0La Ferme de l&rsquo;Orge\u00a0\u00bb se r\u00e9serve le droit de modifier ou de fa\u00e7on plus g\u00e9n\u00e9rale, d&rsquo;actualiser les pr\u00e9sentes conditions g\u00e9n\u00e9rales \u00e0 tout moment et sans pr\u00e9avis. C&rsquo;est pourquoi nous vous invitons \u00e0 les consulter r\u00e9guli\u00e8rement.<\/p>\n<\/div>\n<\/div>\n","protected":false},"excerpt":{"rendered":"<p>H\u00c9BERGEMENT Les donn\u00e9es informatiques sont h\u00e9berg\u00e9es par LWS :LWS (Ligne Web Services) &#8211; S.A.R.L au capital de 10000 Euros4, rue Galvani &#8211; 75838 Paris CEDEX 17 &#8211; FRANCE Conception et r\u00e9alisation :\u00a0webdesign et d\u00e9veloppement Alain Cantenot &#8211;\u00a0http:\/\/alain.cantenot.free.fr\u00a0&#8211; alain.cantenot@gmail.com ARTICLE 1 &#8211; OBJET La pr\u00e9sente notice a pour objet de d\u00e9finir les modalit\u00e9s selon lesquelles \u00ab\u00a0La [&hellip;]<\/p>\n","protected":false},"author":1,"featured_media":0,"parent":0,"menu_order":6,"comment_status":"closed","ping_status":"closed","template":"","meta":{"footnotes":""},"class_list":["post-3","page","type-page","status-publish","hentry"],"_links":{"self":[{"href":"https:\/\/lafermedelorge.ccbinformatique.fr\/index.php\/wp-json\/wp\/v2\/pages\/3","targetHints":{"allow":["GET"]}}],"collection":[{"href":"https:\/\/lafermedelorge.ccbinformatique.fr\/index.php\/wp-json\/wp\/v2\/pages"}],"about":[{"href":"https:\/\/lafermedelorge.ccbinformatique.fr\/index.php\/wp-json\/wp\/v2\/types\/page"}],"author":[{"embeddable":true,"href":"https:\/\/lafermedelorge.ccbinformatique.fr\/index.php\/wp-json\/wp\/v2\/users\/1"}],"replies":[{"embeddable":true,"href":"https:\/\/lafermedelorge.ccbinformatique.fr\/index.php\/wp-json\/wp\/v2\/comments?post=3"}],"version-history":[{"count":6,"href":"https:\/\/lafermedelorge.ccbinformatique.fr\/index.php\/wp-json\/wp\/v2\/pages\/3\/revisions"}],"predecessor-version":[{"id":360,"href":"https:\/\/lafermedelorge.ccbinformatique.fr\/index.php\/wp-json\/wp\/v2\/pages\/3\/revisions\/360"}],"wp:attachment":[{"href":"https:\/\/lafermedelorge.ccbinformatique.fr\/index.php\/wp-json\/wp\/v2\/media?parent=3"}],"curies":[{"name":"wp","href":"https:\/\/api.w.org\/{rel}","templated":true}]}}