{"id":220,"date":"2025-11-04T14:26:18","date_gmt":"2025-11-04T13:26:18","guid":{"rendered":"https:\/\/lafermedelorge.ccbinformatique.fr\/?page_id=220"},"modified":"2025-12-01T10:36:34","modified_gmt":"2025-12-01T09:36:34","slug":"association","status":"publish","type":"page","link":"https:\/\/lafermedelorge.ccbinformatique.fr\/index.php\/association\/","title":{"rendered":"Association"},"content":{"rendered":"\n<div class=\"wp-block-columns has-secondary-color has-text-color has-link-color wp-elements-3c0483f9ddef7044867fb65ec45c8a87 is-layout-flex wp-container-core-columns-is-layout-28f84493 wp-block-columns-is-layout-flex\">\n<div class=\"wp-block-column is-layout-flow wp-block-column-is-layout-flow\" style=\"flex-basis:60%\">\n<h2 class=\"wp-block-heading has-x-large-font-size\">Qui sommes-nous<\/h2>\n\n\n\n<h2 class=\"wp-block-heading has-x-large-font-size\">L\u2019histoire de la Ferme de l\u2019Orge.<\/h2>\n\n\n\n<p class=\"has-medium-font-size\">Les premiers fr\u00e9missements ont eu lieu au sein de l\u2019\u00e9quipe de l\u2019Agenda 21 de la mairie de Viry-Ch\u00e2tillon.<br>Une pr\u00e9sence sur le stand \u00ab\u00a0agenda 21\u00a0\u00bb de la f\u00eate des associations en septembre 2005 permit quelques contacts de curieux ou personnes ayant eu vent du mouvement par bouche-\u00e0-oreille ou quelques parutions encore discr\u00e8tes dans les m\u00e9dias\u2026<\/p>\n\n\n\n<ul class=\"wp-block-list has-medium-font-size\">\n<li><a href=\"https:\/\/lafermedelorge.ccbinformatique.fr\/wp-content\/uploads\/2025\/10\/Statuts_Ferme_Orge.pdf\" data-type=\"link\" data-id=\"https:\/\/lafermedelorge.ccbinformatique.fr\/wp-content\/uploads\/2025\/10\/Statuts_Ferme_Orge.pdf\" target=\"_blank\" rel=\"noreferrer noopener\"><strong><em>Les statuts de l\u2019AMAP \u00ab\u00a0La ferme de l\u2019Orge\u00a0\u00bb<\/em><\/strong><\/a><\/li>\n\n\n\n<li><a href=\"https:\/\/lafermedelorge.ccbinformatique.fr\/wp-content\/uploads\/2025\/10\/Reglement_Ferme_Orge.pdf\" target=\"_blank\" rel=\"noreferrer noopener\"><strong><em>Le r\u00e8glement de l\u2019AMAP \u00ab\u00a0La ferme de l\u2019Orge\u00a0\u00bb<\/em><\/strong><\/a><\/li>\n<\/ul>\n<\/div>\n\n\n\n<div class=\"wp-block-column has-secondary-color has-text-color has-link-color wp-elements-eb25d51e44e08a7cf157dc1afb84f8ff is-layout-flow wp-block-column-is-layout-flow\" style=\"flex-basis:40%\">\n<h2 class=\"wp-block-heading has-text-align-center has-large-font-size\">Le bureau<\/h2>\n\n\n\n<p><strong>DEMOULIN Jean-Michel&nbsp;<em>(Pr\u00e9sident)<\/em><br>BENLAZAR Karima&nbsp;<em>(Tr\u00e9sori\u00e8re)<\/em><br>HOUARNO Gwena\u00ebl&nbsp;<em>(Secr\u00e9taire)<\/em><\/strong><br><\/p>\n\n\n\n<h2 class=\"wp-block-heading has-text-align-center has-large-font-size\">Le conseil d\u2019animation<\/h2>\n\n\n\n<p><strong>BENLAZAR Karima<br>DEMOULIN Dani\u00e8le<br>DEMOULIN Jean-Michel<br>HOUARNO Gwena\u00ebl<br>MOREEL Patrick<br>PEYRICHOU Fabrice<\/strong><\/p>\n<\/div>\n<\/div>\n\n\n\n<div class=\"wp-block-columns has-secondary-color has-text-color has-link-color wp-elements-b21c3520bc37d9f991ceb446263df6eb is-layout-flex wp-container-core-columns-is-layout-28f84493 wp-block-columns-is-layout-flex\">\n<div class=\"wp-block-column is-layout-flow wp-block-column-is-layout-flow\" style=\"flex-basis:100%\">\n<h2 class=\"wp-block-heading has-large-font-size\">Une AMAP, qu&rsquo;est-ce que c&rsquo;est ?<\/h2>\n\n\n\n<div class=\"wp-block-media-text alignwide is-stacked-on-mobile\" style=\"grid-template-columns:15% auto\"><figure class=\"wp-block-media-text__media\"><img loading=\"lazy\" decoding=\"async\" width=\"122\" height=\"129\" src=\"https:\/\/lafermedelorge.ccbinformatique.fr\/wp-content\/uploads\/2025\/06\/salade.jpg\" alt=\"\" class=\"wp-image-30 size-full\"\/><\/figure><div class=\"wp-block-media-text__content\">\n<p><strong>AMAP<\/strong>&nbsp;signifie&nbsp;<strong>Association pour le Maintien d\u2019une Agriculture Paysanne<\/strong>&nbsp;et on a tendance \u00e0 ajouter\u2026<strong> proximit\u00e9 !!<\/strong><br>Les AMAP repr\u00e9sentent un partenariat de proximit\u00e9 entre un groupe de consommateurs et une ferme, souvent situ\u00e9e en zone p\u00e9ri-urbaine, se d\u00e9veloppant \u00e0 partir de la vente directe par souscription des produits de cette derni\u00e8re.<\/p>\n<\/div><\/div>\n\n\n\n<p><strong>La charte des AMAP est consultable sur le site&nbsp;<a href=\"https:\/\/www.amap-idf.org\/\" target=\"_blank\" rel=\"noreferrer noopener\">amap-idf.org<\/a><\/strong><\/p>\n<\/div>\n<\/div>\n\n\n\n<hr class=\"wp-block-separator has-text-color has-secondary-color has-alpha-channel-opacity has-secondary-background-color has-background is-style-default\"\/>\n\n\n\n<div class=\"wp-block-columns is-layout-flex wp-container-core-columns-is-layout-28f84493 wp-block-columns-is-layout-flex\">\n<div class=\"wp-block-column has-secondary-color has-text-color has-link-color wp-elements-2840cff4827ec2067d79b81443e05e77 is-layout-flow wp-block-column-is-layout-flow\">\n<h2 class=\"wp-block-heading has-x-large-font-size\">Adh\u00e9sion panier de l\u00e9gumes<\/h2>\n<\/div>\n<\/div>\n\n\n\n<div class=\"wp-block-columns is-layout-flex wp-container-core-columns-is-layout-28f84493 wp-block-columns-is-layout-flex\">\n<div class=\"wp-block-column has-secondary-color has-text-color has-link-color wp-elements-5edcb510118adfcc8e8e12472713b75d is-layout-flow wp-block-column-is-layout-flow\">\n<h2 class=\"wp-block-heading has-x-large-font-size\">Adh\u00e9sion pour les intermittents<\/h2>\n<\/div>\n<\/div>\n\n\n\n<hr class=\"wp-block-separator has-text-color has-secondary-color has-alpha-channel-opacity has-secondary-background-color has-background\"\/>\n\n\n\n<div class=\"wp-block-columns is-layout-flex wp-container-core-columns-is-layout-28f84493 wp-block-columns-is-layout-flex\">\n<div class=\"wp-block-column is-layout-flow wp-block-column-is-layout-flow\">\n<div class=\"wp-block-columns is-layout-flex wp-container-core-columns-is-layout-28f84493 wp-block-columns-is-layout-flex\">\n<div class=\"wp-block-column has-secondary-color has-text-color has-link-color wp-elements-913d8c771e7d146f12369a5543b9e5d6 is-layout-flow wp-block-column-is-layout-flow\">\n<h2 class=\"wp-block-heading has-x-large-font-size\" id=\"coordonnees\">Coordonn\u00e9es<\/h2>\n\n\n\n<p><strong>AMAP La Ferme de l\u2019Orge<br>Service Vie associative<br>22 rue Danielle Casanova<br>91170 Viry-Ch\u00e2tillon<\/strong><\/p>\n\n\n<div id=\"wpgmza_map\" class=\"wpgmza_map\" data-settings='{\"id\":\"1\",\"map_title\":\"AMAP Viry-Chatillon\",\"map_width\":\"80\",\"map_height\":\"400\",\"map_start_lat\":\"48.665414824993036\",\"map_start_lng\":\"2.394332936523437\",\"map_start_location\":\"45.950464398418106,-109.81550500000003\",\"map_start_zoom\":\"14\",\"default_marker\":\"\",\"type\":\"0\",\"alignment\":\"4\",\"directions_enabled\":\"0\",\"styling_enabled\":\"0\",\"styling_json\":\"\",\"active\":\"0\",\"kml\":\"\",\"bicycle\":\"0\",\"traffic\":\"0\",\"dbox\":\"0\",\"dbox_width\":\"\",\"listmarkers\":\"0\",\"listmarkers_advanced\":\"0\",\"filterbycat\":\"0\",\"ugm_enabled\":\"0\",\"ugm_category_enabled\":\"0\",\"fusion\":\"\",\"map_width_type\":\"%\",\"map_height_type\":\"px\",\"mass_marker_support\":\"0\",\"ugm_access\":\"0\",\"order_markers_by\":\"0\",\"order_markers_choice\":\"0\",\"show_user_location\":\"0\",\"default_to\":\"\",\"other_settings\":{\"map_type\":1,\"sl_stroke_color\":\"\",\"sl_fill_color\":\"\",\"sl_stroke_opacity\":\"\",\"sl_fill_opacity\":\"\",\"transport_layer\":false,\"action\":\"wpgmza_save_map\",\"redirect_to\":\"\\\/wp-admin\\\/admin-post.php\",\"map_id\":\"1\",\"http_referer\":\"\\\/wp-admin\\\/admin.php?page=wp-google-maps-menu&amp;amp;action=edit&amp;amp;map_id=1\",\"wpgmza_id\":\"1\",\"wpgmza_start_location\":\"48.665414824993036,2.394332936523437\",\"wpgmza_start_zoom\":\"14\",\"store_locator_enabled\":false,\"store_locator_search_area\":\"radial\",\"wpgmza_store_locator_radius_style\":\"legacy\",\"wpgmza_store_locator_default_radius\":\"10\",\"store_locator_auto_area_max_zoom\":\"\",\"store_locator_distance\":false,\"wpgmza_store_locator_position\":false,\"store_locator_show_distance\":false,\"store_locator_category\":false,\"wpgmza_store_locator_use_their_location\":false,\"wpgmza_store_locator_bounce\":false,\"wpgmza_sl_animation\":null,\"wpgmza_store_locator_hide_before_search\":false,\"store_locator_query_string\":\"\",\"store_locator_location_placeholder\":\"\",\"store_locator_default_address\":\"\",\"store_locator_name_search\":false,\"store_locator_name_string\":\"\",\"store_locator_not_found_message\":\"\",\"wpgmza_map_align\":\"1\",\"jump_to_nearest_marker_on_initialization\":false,\"automatically_pan_to_users_location\":false,\"override_users_location_zoom_level\":false,\"override_users_location_zoom_levels\":\"\",\"show_distance_from_location\":false,\"map_max_zoom\":\"21\",\"map_min_zoom\":\"0\",\"click_open_link\":false,\"fit_maps_bounds_to_markers\":false,\"fit_maps_bounds_to_markers_after_filtering\":false,\"hide_point_of_interest\":false,\"wpgmza_zoom_on_marker_click\":false,\"wpgmza_zoom_on_marker_click_slider\":\"\",\"close_infowindow_on_map_click\":false,\"disable_lightbox_images\":false,\"use_Raw_Jpeg_Coordinates\":false,\"disable_polygon_info_windows\":false,\"enable_marker_ratings\":false,\"enable_marker_labels\":false,\"only_load_markers_within_viewport\":false,\"zoom_level_mobile_override_enabled\":false,\"zoom_level_mobile_override\":\"\",\"iw_primary_color\":\"#000000\",\"iw_accent_color\":\"#000000\",\"iw_text_color\":\"#000000\",\"wpgmza_listmarkers_by\":\"0\",\"wpgmza_marker_listing_position\":false,\"zoom_level_on_marker_listing_override\":false,\"zoom_level_on_marker_listing_click\":\"\",\"marker_listing_disable_zoom\":false,\"datatable_no_result_message\":\"\",\"remove_search_box_datables\":false,\"dataTable_pagination_style\":null,\"datatable_search_string\":\"\",\"datatable_result_start\":\"\",\"datatable_result_of\":\"\",\"datatable_result_to\":\"\",\"datatable_result_total\":\"\",\"datatable_result_show\":\"\",\"datatable_result_entries\":\"\",\"wpgmza_savemap\":\"Enregistrer la carte \\u00bb\"}}' data-map-id='1' Data-maps-engine='open-layers' data-shortcode-attributes='{\"id\":\"1\"}' style=\"display:block; overflow:auto; width:80%; height:400px; float:left;\"><\/div><\/div>\n\n\n\n<div class=\"wp-block-column has-secondary-color has-text-color has-link-color wp-elements-4cf47ca697bf22bb8bcedd078ac9972c is-layout-flow wp-block-column-is-layout-flow\">\n<h2 class=\"wp-block-heading has-x-large-font-size\" id=\"form_contact\">Nous contacter<\/h2>\n\n\n<style id=\"wpforms-css-vars-142-block-515d1264-88f7-4462-be60-18004843783a\">\n\t\t\t\t#wpforms-142.wpforms-block-515d1264-88f7-4462-be60-18004843783a {\n\t\t\t\t--wpforms-field-size-input-height: 43px;\n--wpforms-field-size-input-spacing: 15px;\n--wpforms-field-size-font-size: 16px;\n--wpforms-field-size-line-height: 19px;\n--wpforms-field-size-padding-h: 14px;\n--wpforms-field-size-checkbox-size: 16px;\n--wpforms-field-size-sublabel-spacing: 5px;\n--wpforms-field-size-icon-size: 1;\n--wpforms-label-size-font-size: 16px;\n--wpforms-label-size-line-height: 19px;\n--wpforms-label-size-sublabel-font-size: 14px;\n--wpforms-label-size-sublabel-line-height: 17px;\n--wpforms-button-size-font-size: 17px;\n--wpforms-button-size-height: 41px;\n--wpforms-button-size-padding-h: 15px;\n--wpforms-button-size-margin-top: 10px;\n\t\t\t}\n\t\t\t<\/style><div class=\"wpforms-container wpforms-container-full wpforms-block wpforms-block-515d1264-88f7-4462-be60-18004843783a wpforms-render-modern\" id=\"wpforms-142\"><form id=\"wpforms-form-142\" class=\"wpforms-validate wpforms-form wpforms-ajax-form\" data-formid=\"142\" method=\"post\" enctype=\"multipart\/form-data\" action=\"\/index.php\/wp-json\/wp\/v2\/pages\/220\" data-token=\"bdb4314fcea9e8bedb555c878d8d027d\" data-token-time=\"1777895092\"><noscript class=\"wpforms-error-noscript\">Veuillez activer JavaScript dans votre navigateur pour remplir ce formulaire.<\/noscript><div id=\"wpforms-error-noscript\" style=\"display: none;\">Veuillez activer JavaScript dans votre navigateur pour remplir ce formulaire.<\/div><div class=\"wpforms-field-container\">\t\t<div id=\"wpforms-142-field_4-container\"\n\t\t\tclass=\"wpforms-field wpforms-field-text\"\n\t\t\tdata-field-type=\"text\"\n\t\t\tdata-field-id=\"4\"\n\t\t\t>\n\t\t\t<label class=\"wpforms-field-label\" for=\"wpforms-142-field_4\" >message Commentaire E-mail<\/label>\n\t\t\t<input type=\"text\" id=\"wpforms-142-field_4\" class=\"wpforms-field-medium\" name=\"wpforms[fields][4]\" >\n\t\t<\/div>\n\t\t<div id=\"wpforms-142-field_1-container\" class=\"wpforms-field wpforms-field-name\" data-field-id=\"1\"><fieldset><legend class=\"wpforms-field-label\">Nom <span class=\"wpforms-required-label\" aria-hidden=\"true\">*<\/span><\/legend><div class=\"wpforms-field-row wpforms-field-medium\"><div class=\"wpforms-field-row-block wpforms-first wpforms-one-half\"><input type=\"text\" id=\"wpforms-142-field_1\" class=\"wpforms-field-name-first wpforms-field-required\" name=\"wpforms[fields][1][first]\" aria-errormessage=\"wpforms-142-field_1-error\" required><label for=\"wpforms-142-field_1\" class=\"wpforms-field-sublabel after\">Pr\u00e9nom<\/label><\/div><div class=\"wpforms-field-row-block wpforms-one-half\"><input type=\"text\" id=\"wpforms-142-field_1-last\" class=\"wpforms-field-name-last wpforms-field-required\" name=\"wpforms[fields][1][last]\" aria-errormessage=\"wpforms-142-field_1-last-error\" required><label for=\"wpforms-142-field_1-last\" class=\"wpforms-field-sublabel after\">Nom<\/label><\/div><\/div><\/fieldset><\/div><div id=\"wpforms-142-field_2-container\" class=\"wpforms-field wpforms-field-email\" data-field-id=\"2\"><label class=\"wpforms-field-label\" for=\"wpforms-142-field_2\">E-mail <span class=\"wpforms-required-label\" aria-hidden=\"true\">*<\/span><\/label><input type=\"email\" id=\"wpforms-142-field_2\" class=\"wpforms-field-medium wpforms-field-required\" name=\"wpforms[fields][2]\" spellcheck=\"false\" aria-errormessage=\"wpforms-142-field_2-error\" required><\/div><div id=\"wpforms-142-field_3-container\" class=\"wpforms-field wpforms-field-textarea\" data-field-id=\"3\"><label class=\"wpforms-field-label\" for=\"wpforms-142-field_3\">Commentaire ou message<\/label><textarea id=\"wpforms-142-field_3\" class=\"wpforms-field-medium\" name=\"wpforms[fields][3]\" aria-errormessage=\"wpforms-142-field_3-error\" ><\/textarea><\/div><script>\n\t\t\t\t( function() {\n\t\t\t\t\tconst style = document.createElement( 'style' );\n\t\t\t\t\tstyle.appendChild( document.createTextNode( '#wpforms-142-field_4-container { position: absolute !important; overflow: hidden !important; display: inline !important; height: 1px !important; width: 1px !important; z-index: -1000 !important; padding: 0 !important; } #wpforms-142-field_4-container input { visibility: hidden; } #wpforms-conversational-form-page #wpforms-142-field_4-container label { counter-increment: none; }' ) );\n\t\t\t\t\tdocument.head.appendChild( style );\n\t\t\t\t\tdocument.currentScript?.remove();\n\t\t\t\t} )();\n\t\t\t<\/script><\/div><!-- .wpforms-field-container --><div class=\"wpforms-submit-container\" ><input type=\"hidden\" name=\"wpforms[id]\" value=\"142\"><input type=\"hidden\" name=\"page_title\" value=\"\"><input type=\"hidden\" name=\"page_url\" value=\"https:\/\/lafermedelorge.ccbinformatique.fr\/index.php\/wp-json\/wp\/v2\/pages\/220\"><input type=\"hidden\" name=\"url_referer\" value=\"\"><button type=\"submit\" name=\"wpforms[submit]\" id=\"wpforms-submit-142\" class=\"wpforms-submit\" data-alt-text=\"Envoi...\" data-submit-text=\"Envoyer\" aria-live=\"assertive\" value=\"wpforms-submit\">Envoyer<\/button><img loading=\"lazy\" decoding=\"async\" src=\"https:\/\/lafermedelorge.ccbinformatique.fr\/wp-content\/plugins\/wpforms-lite\/assets\/images\/submit-spin.svg\" class=\"wpforms-submit-spinner\" style=\"display: none;\" width=\"26\" height=\"26\" alt=\"Chargement en cours\"><\/div><\/form><\/div>  <!-- .wpforms-container --><\/div>\n<\/div>\n<\/div>\n<\/div>\n\n\n\n<hr class=\"wp-block-separator has-text-color has-secondary-color has-alpha-channel-opacity has-secondary-background-color has-background is-style-wide\"\/>\n\n\n\n<div class=\"wp-block-columns is-layout-flex wp-container-core-columns-is-layout-28f84493 wp-block-columns-is-layout-flex\">\n<div class=\"wp-block-column has-secondary-color has-text-color has-link-color wp-elements-3caa0a73de301ee89d030865756cfe10 is-layout-flow wp-block-column-is-layout-flow\">\n<h2 class=\"wp-block-heading has-x-large-font-size\">Les autres AMAP<\/h2>\n\n\n\n<ul class=\"wp-block-list\">\n<li><strong>AMAP Juvisy-sur-Orge<\/strong> &#8211; <a href=\"https:\/\/www.enseinebrindorge.ovh\" target=\"_blank\" rel=\"noopener\">En Seine Brin d&rsquo;Orge<\/a><\/li>\n\n\n\n<li><strong>AMAP Vert-le-Grand<\/strong> &#8211; <a href=\"https:\/\/lejardindelise91810.fr\" target=\"_blank\" rel=\"noopener\">Jardin d&rsquo;Elise<\/a><\/li>\n\n\n\n<li><strong>AMAP \u00c9vry<\/strong> &#8211; <a href=\"https:\/\/sites.google.com\/view\/lespaniersevry\" target=\"_blank\" rel=\"noopener\">Les Paniers d&rsquo;Evr<\/a>y<\/li>\n\n\n\n<li><strong>AMAP Ile-de-France<\/strong> &#8211; <a href=\"https:\/\/amap-idf.org\" target=\"_blank\" rel=\"noopener\">amap-idf.or<\/a>g<\/li>\n<\/ul>\n<\/div>\n<\/div>\n\n\n\n<p><\/p>\n","protected":false},"excerpt":{"rendered":"<p>Qui sommes-nous L\u2019histoire de la Ferme de l\u2019Orge. Les premiers fr\u00e9missements ont eu lieu au sein de l\u2019\u00e9quipe de l\u2019Agenda 21 de la mairie de Viry-Ch\u00e2tillon.Une pr\u00e9sence sur le stand \u00ab\u00a0agenda 21\u00a0\u00bb de la f\u00eate des associations en septembre 2005 permit quelques contacts de curieux ou personnes ayant eu vent du mouvement par bouche-\u00e0-oreille ou [&hellip;]<\/p>\n","protected":false},"author":1,"featured_media":0,"parent":0,"menu_order":0,"comment_status":"closed","ping_status":"closed","template":"","meta":{"footnotes":""},"class_list":["post-220","page","type-page","status-publish","hentry"],"_links":{"self":[{"href":"https:\/\/lafermedelorge.ccbinformatique.fr\/index.php\/wp-json\/wp\/v2\/pages\/220","targetHints":{"allow":["GET"]}}],"collection":[{"href":"https:\/\/lafermedelorge.ccbinformatique.fr\/index.php\/wp-json\/wp\/v2\/pages"}],"about":[{"href":"https:\/\/lafermedelorge.ccbinformatique.fr\/index.php\/wp-json\/wp\/v2\/types\/page"}],"author":[{"embeddable":true,"href":"https:\/\/lafermedelorge.ccbinformatique.fr\/index.php\/wp-json\/wp\/v2\/users\/1"}],"replies":[{"embeddable":true,"href":"https:\/\/lafermedelorge.ccbinformatique.fr\/index.php\/wp-json\/wp\/v2\/comments?post=220"}],"version-history":[{"count":17,"href":"https:\/\/lafermedelorge.ccbinformatique.fr\/index.php\/wp-json\/wp\/v2\/pages\/220\/revisions"}],"predecessor-version":[{"id":402,"href":"https:\/\/lafermedelorge.ccbinformatique.fr\/index.php\/wp-json\/wp\/v2\/pages\/220\/revisions\/402"}],"wp:attachment":[{"href":"https:\/\/lafermedelorge.ccbinformatique.fr\/index.php\/wp-json\/wp\/v2\/media?parent=220"}],"curies":[{"name":"wp","href":"https:\/\/api.w.org\/{rel}","templated":true}]}}