{"id":12,"date":"2025-06-14T17:26:29","date_gmt":"2025-06-14T15:26:29","guid":{"rendered":"https:\/\/lafermedelorge.ccbinformatique.fr\/?page_id=12"},"modified":"2025-11-25T16:10:44","modified_gmt":"2025-11-25T15:10:44","slug":"paniers_distributions","status":"publish","type":"page","link":"https:\/\/lafermedelorge.ccbinformatique.fr\/index.php\/paniers_distributions\/","title":{"rendered":"Paniers et distributions"},"content":{"rendered":"\n<div class=\"wp-block-columns is-layout-flex wp-container-core-columns-is-layout-28f84493 wp-block-columns-is-layout-flex\">\n<div class=\"wp-block-column has-secondary-color has-text-color has-link-color wp-elements-8fc4838e35ea8a993a4df2054ab9dda6 is-layout-flow wp-block-column-is-layout-flow\" style=\"flex-basis:100%\" id=\"PANIERS\">\n<h2 class=\"wp-block-heading has-x-large-font-size\">Les paniers<\/h2>\n\n\n<ul class=\"wp-block-latest-posts__list wp-block-latest-posts\"><li><a class=\"wp-block-latest-posts__post-title\" href=\"https:\/\/lafermedelorge.ccbinformatique.fr\/index.php\/2025\/06\/18\/panier-juillet\/\">Panier du 6 novembre 2025<\/a><div class=\"wp-block-latest-posts__post-excerpt\">3 Kilos \ud83e\udd54 Pommes de terre 1 Kilo \ud83e\udd55 Carottes 2 Pi\u00e8ces \ud83e\udd52 Concombres<\/div><\/li>\n<li><a class=\"wp-block-latest-posts__post-title\" href=\"https:\/\/lafermedelorge.ccbinformatique.fr\/index.php\/2025\/06\/14\/panier-du-12-juin-2025\/\">Panier du 12 juin 2025<\/a><div class=\"wp-block-latest-posts__post-excerpt\">3 Kilos \ud83e\udd54 Pommes de terre 3 Pi\u00e8ces \ud83e\udd52 Courgettes 1 Pi\u00e8ce \ud83e\udd66 Salade<\/div><\/li>\n<\/ul><\/div>\n<\/div>\n\n\n\n<div class=\"wp-block-columns has-secondary-color has-text-color has-link-color wp-elements-491def75e9f13b2812d99a8d53b6635e is-layout-flex wp-container-core-columns-is-layout-28f84493 wp-block-columns-is-layout-flex\">\n<div class=\"wp-block-column is-layout-flow wp-block-column-is-layout-flow\" id=\"DISTRIBUTIONS\">\n<h3 class=\"wp-block-heading has-x-large-font-size\" id=\"distributions\">Les distributions<\/h3>\n\n\n\n<div class=\"wp-block-media-text alignwide is-stacked-on-mobile\" style=\"grid-template-columns:30% auto\"><figure class=\"wp-block-media-text__media\"><img loading=\"lazy\" decoding=\"async\" width=\"950\" height=\"1024\" src=\"https:\/\/lafermedelorge.ccbinformatique.fr\/wp-content\/uploads\/2025\/06\/Distrib-Avril-2020-V2-950x1024.jpg\" alt=\"\" class=\"wp-image-36 size-full\" srcset=\"https:\/\/lafermedelorge.ccbinformatique.fr\/wp-content\/uploads\/2025\/06\/Distrib-Avril-2020-V2-950x1024.jpg 950w, https:\/\/lafermedelorge.ccbinformatique.fr\/wp-content\/uploads\/2025\/06\/Distrib-Avril-2020-V2-278x300.jpg 278w, https:\/\/lafermedelorge.ccbinformatique.fr\/wp-content\/uploads\/2025\/06\/Distrib-Avril-2020-V2-768x828.jpg 768w, https:\/\/lafermedelorge.ccbinformatique.fr\/wp-content\/uploads\/2025\/06\/Distrib-Avril-2020-V2-1425x1536.jpg 1425w, https:\/\/lafermedelorge.ccbinformatique.fr\/wp-content\/uploads\/2025\/06\/Distrib-Avril-2020-V2-rotated.jpg 1495w\" sizes=\"auto, (max-width: 950px) 100vw, 950px\" \/><\/figure><div class=\"wp-block-media-text__content\">\n<h4 class=\"wp-block-heading has-large-font-size\">Organisation de la distribution<\/h4>\n\n\n\n<p class=\"has-medium-font-size\">Le feu de camp\u2026 <strong>Chaque jeudi soir, entre 19 h et 20&nbsp;h<\/strong>, nous allons r\u00e9cup\u00e9rer notre panier, \u00e9changer quelques recettes, discuter d\u00e9veloppement durable\u2026<\/p>\n\n\n\n<p class=\"has-medium-font-size\"><strong><em>Trois adh\u00e9rents et un membre du conseil d&rsquo;animation sont volontaires pour assurer le bon d\u00e9roulement de la distribution<\/em><\/strong><em> :<\/em><\/p>\n\n\n\n<ul class=\"wp-block-list\">\n<li>Installer les tables pour la distribution \u00e0 partir de 18 h 45 (ou 18 h 30 les jours de livraison des poulets, \u0153ufs, canard, fromage de ch\u00e8vre ou fruits),<\/li>\n\n\n\n<li>\u00c0 l\u2019arriv\u00e9e, prendre connaissance du contenu du panier,<\/li>\n\n\n\n<li>Disposer les casiers dans l\u2019ordre de fa\u00e7on \u00e0 avoir les l\u00e9gumes les plus lourds au fond du panier,<\/li>\n\n\n\n<li>Remplacer les cagettes du plan de travail quand elles sont vides,<\/li>\n\n\n\n<li>Ranger les tables dans le hangar.<\/li>\n<\/ul>\n\n\n\n<p><strong>L\u2019\u00e9change, la convivialit\u00e9 sont des \u00e9l\u00e9ments essentiels et sont donc assur\u00e9s par tous et pour tous !<\/strong><\/p>\n<\/div><\/div>\n<\/div>\n<\/div>\n\n\n\n<hr class=\"wp-block-separator has-text-color has-secondary-color has-alpha-channel-opacity has-secondary-background-color has-background\"\/>\n\n\n\n<div class=\"wp-block-columns is-layout-flex wp-container-core-columns-is-layout-28f84493 wp-block-columns-is-layout-flex\">\n<div class=\"wp-block-column has-secondary-color has-text-color has-link-color wp-elements-444882ce3a9de357d3ca73f4a44e779f is-layout-flow wp-block-column-is-layout-flow\" id=\"INTERMITTENTS\">\n<h2 class=\"wp-block-heading has-x-large-font-size\" id=\"intermittents\">Les intermittents<\/h2>\n\n\n\n<p><strong>Qu\u2019est-ce qu\u2019un intermittent ? Un panier occasionnel\u202f?<\/strong><\/p>\n\n\n\n<p>Bien qu\u2019ayant souscrit \u00e0 un contrat d\u2019un panier de l\u00e9gumes par semaine, les adh\u00e9rents ne sont pas toujours en mesure, pour des raisons personnelles, de venir chercher leur panier de l\u00e9gumes. La formule des \u00ab intermittents du panier \u00bb mise en place permet de palier \u00e0 ces absences.<\/p>\n\n\n\n<p>Afin d\u2019\u00e9viter des pertes et de permettre \u00e0 des adh\u00e9rents de b\u00e9n\u00e9ficier de paniers ponctuellement, chacun peut adh\u00e9rer \u00e0 l\u2018AMAP en qualit\u00e9 d\u2019intermittent. En plus de pouvoir b\u00e9n\u00e9ficier des paniers de l\u00e9gumes propos\u00e9s, ces personnes peuvent \u00e9galement adh\u00e9rer aux autres contrats plus ponctuels (poulets, \u0153ufs, canard, b\u0153uf, agneau, porc, fromage de ch\u00e8vre, \u2026), en g\u00e9n\u00e9ral au rythme d\u2019une livraison mensuelle ou 2 \u00e0 3 fois dans la saison pour la viande.<\/p>\n\n\n\n<p>Les intermittents doivent obligatoirement adh\u00e9rer \u00e0 l\u2019AMAP. Ils seront avertis, par mail, des dates et nombre de paniers disponibles par les titulaires des contrats. Ils se mettront directement en contact pour le r\u00e8glement.<\/p>\n\n\n\n<p>Pour toute question, n\u2019h\u00e9sitez pas \u00e0 vous adresser aux membres du Conseil d\u2019Animation lors des distributions ou \u00e0 nous \u00e9crire (rubrique&nbsp;<a href=\"https:\/\/lafermedelorge.ccbinformatique.fr\/index.php\/association\/\" data-type=\"page\" data-id=\"220\">Contact<\/a>).<\/p>\n\n\n<style id=\"wpforms-css-vars-167-block-656b090f-46bd-47a3-921c-bff124faa98a\">\n\t\t\t\t#wpforms-167.wpforms-block-656b090f-46bd-47a3-921c-bff124faa98a {\n\t\t\t\t--wpforms-field-size-input-height: 43px;\n--wpforms-field-size-input-spacing: 15px;\n--wpforms-field-size-font-size: 16px;\n--wpforms-field-size-line-height: 19px;\n--wpforms-field-size-padding-h: 14px;\n--wpforms-field-size-checkbox-size: 16px;\n--wpforms-field-size-sublabel-spacing: 5px;\n--wpforms-field-size-icon-size: 1;\n--wpforms-label-size-font-size: 16px;\n--wpforms-label-size-line-height: 19px;\n--wpforms-label-size-sublabel-font-size: 14px;\n--wpforms-label-size-sublabel-line-height: 17px;\n--wpforms-button-size-font-size: 17px;\n--wpforms-button-size-height: 41px;\n--wpforms-button-size-padding-h: 15px;\n--wpforms-button-size-margin-top: 10px;\n\t\t\t}\n\t\t\t<\/style><div class=\"wpforms-container wpforms-container-full wpforms-block wpforms-block-656b090f-46bd-47a3-921c-bff124faa98a wpforms-render-modern\" id=\"wpforms-167\"><form id=\"wpforms-form-167\" class=\"wpforms-validate wpforms-form wpforms-ajax-form\" data-formid=\"167\" method=\"post\" enctype=\"multipart\/form-data\" action=\"\/index.php\/wp-json\/wp\/v2\/pages\/12\" data-token=\"a477b9dce09c3e90c14aa106b6c2cb0f\" data-token-time=\"1777890376\"><div class=\"wpforms-head-container\"><div class=\"wpforms-title\">Formulaire des intermittant<\/div><\/div><noscript class=\"wpforms-error-noscript\">Veuillez activer JavaScript dans votre navigateur pour remplir ce formulaire.<\/noscript><div id=\"wpforms-error-noscript\" style=\"display: none;\">Veuillez activer JavaScript dans votre navigateur pour remplir ce formulaire.<\/div><div class=\"wpforms-field-container\"><div id=\"wpforms-167-field_1-container\" class=\"wpforms-field wpforms-field-name\" data-field-id=\"1\"><fieldset><legend class=\"wpforms-field-label\">Nom <span class=\"wpforms-required-label\" aria-hidden=\"true\">*<\/span><\/legend><div class=\"wpforms-field-row wpforms-field-medium\"><div class=\"wpforms-field-row-block wpforms-first wpforms-one-half\"><input type=\"text\" id=\"wpforms-167-field_1\" class=\"wpforms-field-name-first wpforms-field-required\" name=\"wpforms[fields][1][first]\" aria-errormessage=\"wpforms-167-field_1-error\" required><label for=\"wpforms-167-field_1\" class=\"wpforms-field-sublabel after\">Pr\u00e9nom<\/label><\/div><div class=\"wpforms-field-row-block wpforms-one-half\"><input type=\"text\" id=\"wpforms-167-field_1-last\" class=\"wpforms-field-name-last wpforms-field-required\" name=\"wpforms[fields][1][last]\" aria-errormessage=\"wpforms-167-field_1-last-error\" required><label for=\"wpforms-167-field_1-last\" class=\"wpforms-field-sublabel after\">Nom<\/label><\/div><\/div><\/fieldset><\/div><div id=\"wpforms-167-field_2-container\" class=\"wpforms-field wpforms-field-email\" data-field-id=\"2\"><label class=\"wpforms-field-label\" for=\"wpforms-167-field_2\">E-mail <span class=\"wpforms-required-label\" aria-hidden=\"true\">*<\/span><\/label><input type=\"email\" id=\"wpforms-167-field_2\" class=\"wpforms-field-medium wpforms-field-required\" name=\"wpforms[fields][2]\" spellcheck=\"false\" aria-errormessage=\"wpforms-167-field_2-error\" required><\/div>\t\t<div id=\"wpforms-167-field_4-container\"\n\t\t\tclass=\"wpforms-field wpforms-field-text\"\n\t\t\tdata-field-type=\"text\"\n\t\t\tdata-field-id=\"4\"\n\t\t\t>\n\t\t\t<label class=\"wpforms-field-label\" for=\"wpforms-167-field_4\" >ou Commentaire E-mail<\/label>\n\t\t\t<input type=\"text\" id=\"wpforms-167-field_4\" class=\"wpforms-field-medium\" name=\"wpforms[fields][4]\" >\n\t\t<\/div>\n\t\t<div id=\"wpforms-167-field_3-container\" class=\"wpforms-field wpforms-field-textarea\" data-field-id=\"3\"><label class=\"wpforms-field-label\" for=\"wpforms-167-field_3\">Commentaire ou message<\/label><textarea id=\"wpforms-167-field_3\" class=\"wpforms-field-medium\" name=\"wpforms[fields][3]\" aria-errormessage=\"wpforms-167-field_3-error\" ><\/textarea><\/div><script>\n\t\t\t\t( function() {\n\t\t\t\t\tconst style = document.createElement( 'style' );\n\t\t\t\t\tstyle.appendChild( document.createTextNode( '#wpforms-167-field_4-container { position: absolute !important; overflow: hidden !important; display: inline !important; height: 1px !important; width: 1px !important; z-index: -1000 !important; padding: 0 !important; } #wpforms-167-field_4-container input { visibility: hidden; } #wpforms-conversational-form-page #wpforms-167-field_4-container label { counter-increment: none; }' ) );\n\t\t\t\t\tdocument.head.appendChild( style );\n\t\t\t\t\tdocument.currentScript?.remove();\n\t\t\t\t} )();\n\t\t\t<\/script><\/div><!-- .wpforms-field-container --><div class=\"wpforms-submit-container\" ><input type=\"hidden\" name=\"wpforms[id]\" value=\"167\"><input type=\"hidden\" name=\"page_title\" value=\"\"><input type=\"hidden\" name=\"page_url\" value=\"https:\/\/lafermedelorge.ccbinformatique.fr\/index.php\/wp-json\/wp\/v2\/pages\/12\"><input type=\"hidden\" name=\"url_referer\" value=\"\"><button type=\"submit\" name=\"wpforms[submit]\" id=\"wpforms-submit-167\" class=\"wpforms-submit\" data-alt-text=\"Envoi...\" data-submit-text=\"Envoyer\" aria-live=\"assertive\" value=\"wpforms-submit\">Envoyer<\/button><img loading=\"lazy\" decoding=\"async\" src=\"https:\/\/lafermedelorge.ccbinformatique.fr\/wp-content\/plugins\/wpforms-lite\/assets\/images\/submit-spin.svg\" class=\"wpforms-submit-spinner\" style=\"display: none;\" width=\"26\" height=\"26\" alt=\"Chargement en cours\"><\/div><\/form><\/div>  <!-- .wpforms-container --><\/div>\n<\/div>\n\n\n\n<p><\/p>\n","protected":false},"excerpt":{"rendered":"<p>Les paniers Les distributions Organisation de la distribution Le feu de camp\u2026 Chaque jeudi soir, entre 19 h et 20&nbsp;h, nous allons r\u00e9cup\u00e9rer notre panier, \u00e9changer quelques recettes, discuter d\u00e9veloppement durable\u2026 Trois adh\u00e9rents et un membre du conseil d&rsquo;animation sont volontaires pour assurer le bon d\u00e9roulement de la distribution : L\u2019\u00e9change, la convivialit\u00e9 sont des [&hellip;]<\/p>\n","protected":false},"author":1,"featured_media":0,"parent":0,"menu_order":2,"comment_status":"closed","ping_status":"closed","template":"","meta":{"footnotes":""},"class_list":["post-12","page","type-page","status-publish","hentry"],"_links":{"self":[{"href":"https:\/\/lafermedelorge.ccbinformatique.fr\/index.php\/wp-json\/wp\/v2\/pages\/12","targetHints":{"allow":["GET"]}}],"collection":[{"href":"https:\/\/lafermedelorge.ccbinformatique.fr\/index.php\/wp-json\/wp\/v2\/pages"}],"about":[{"href":"https:\/\/lafermedelorge.ccbinformatique.fr\/index.php\/wp-json\/wp\/v2\/types\/page"}],"author":[{"embeddable":true,"href":"https:\/\/lafermedelorge.ccbinformatique.fr\/index.php\/wp-json\/wp\/v2\/users\/1"}],"replies":[{"embeddable":true,"href":"https:\/\/lafermedelorge.ccbinformatique.fr\/index.php\/wp-json\/wp\/v2\/comments?post=12"}],"version-history":[{"count":22,"href":"https:\/\/lafermedelorge.ccbinformatique.fr\/index.php\/wp-json\/wp\/v2\/pages\/12\/revisions"}],"predecessor-version":[{"id":394,"href":"https:\/\/lafermedelorge.ccbinformatique.fr\/index.php\/wp-json\/wp\/v2\/pages\/12\/revisions\/394"}],"wp:attachment":[{"href":"https:\/\/lafermedelorge.ccbinformatique.fr\/index.php\/wp-json\/wp\/v2\/media?parent=12"}],"curies":[{"name":"wp","href":"https:\/\/api.w.org\/{rel}","templated":true}]}}